{"id":1400,"date":"2016-11-01T14:08:46","date_gmt":"2016-11-01T11:08:46","guid":{"rendered":"https:\/\/www.on5tl.com\/ar\/?page_id=1400"},"modified":"2021-02-27T18:15:55","modified_gmt":"2021-02-27T15:15:55","slug":"%d8%a7%d8%b6%d9%81-%d9%81%d8%b1%d8%b5%d8%a9-%d8%b9%d9%85%d9%84","status":"publish","type":"page","link":"https:\/\/www.on5tl.com\/ar\/%d8%a7%d8%b6%d9%81-%d9%81%d8%b1%d8%b5%d8%a9-%d8%b9%d9%85%d9%84\/","title":{"rendered":"\u0627\u0636\u0641 \u0641\u0631\u0635\u0629 \u0639\u0645\u0644"},"content":{"rendered":"<div class=\"row\">\n<div class=\"col-md-6\">\n\n<div class=\"wpcf7 no-js\" id=\"wpcf7-f4726-o1\" lang=\"ar\" dir=\"rtl\" data-wpcf7-id=\"4726\">\n<div class=\"screen-reader-response\"><p role=\"status\" aria-live=\"polite\" aria-atomic=\"true\"><\/p> <ul><\/ul><\/div>\n<form action=\"\/ar\/wp-json\/wp\/v2\/pages\/1400#wpcf7-f4726-o1\" method=\"post\" class=\"wpcf7-form init\" aria-label=\"\u0646\u0645\u0648\u0630\u062c \u0627\u0644\u0627\u062a\u0635\u0627\u0644\" novalidate=\"novalidate\" data-status=\"init\">\n<fieldset class=\"hidden-fields-container\"><input type=\"hidden\" name=\"_wpcf7\" value=\"4726\" \/><input type=\"hidden\" name=\"_wpcf7_version\" value=\"6.1.5\" \/><input type=\"hidden\" name=\"_wpcf7_locale\" value=\"ar\" \/><input type=\"hidden\" name=\"_wpcf7_unit_tag\" value=\"wpcf7-f4726-o1\" \/><input type=\"hidden\" name=\"_wpcf7_container_post\" value=\"0\" \/><input type=\"hidden\" name=\"_wpcf7_posted_data_hash\" value=\"\" \/>\n<\/fieldset>\n<p><label>\u0627\u0644\u0645\u0633\u0645\u0649 \u0627\u0644\u0648\u0638\u064a\u0641\u064a : <\/label>\n<\/p>\n<p><span class=\"wpcf7-form-control-wrap\" data-name=\"job-name\"><input size=\"40\" maxlength=\"400\" class=\"wpcf7-form-control wpcf7-text wpcf7-validates-as-required form-control\" aria-required=\"true\" aria-invalid=\"false\" placeholder=\"\u0627\u0644\u0645\u0633\u0645\u0649 \u0627\u0644\u0648\u0638\u064a\u0641\u064a\" value=\"\" type=\"text\" name=\"job-name\" \/><\/span><br \/>\n<label> \u0627\u0644\u0645\u062f\u064a\u0646\u0629 : <\/label>\n<\/p>\n<p><span class=\"wpcf7-form-control-wrap\" data-name=\"menu-104\"><select class=\"wpcf7-form-control wpcf7-select wpcf7-validates-as-required form-control\" aria-required=\"true\" aria-invalid=\"false\" name=\"menu-104\"><option value=\"Adana\">Adana<\/option><option value=\"Ad\u0131yaman\">Ad\u0131yaman<\/option><option value=\"Afyonkarahisar\">Afyonkarahisar<\/option><option value=\"A\u011fr\u0131\">A\u011fr\u0131<\/option><option value=\"Amasya\">Amasya<\/option><option value=\"Ankara\">Ankara<\/option><option value=\"Antalya\">Antalya<\/option><option value=\"Artvin\">Artvin<\/option><option value=\"Ayd\u0131n\">Ayd\u0131n<\/option><option value=\"Bal\u0131kesir\">Bal\u0131kesir<\/option><option value=\"Bilecik\">Bilecik<\/option><option value=\"Bing\u00f6l\">Bing\u00f6l<\/option><option value=\"Bitlis\">Bitlis<\/option><option value=\"Bolu\">Bolu<\/option><option value=\"Burdur\">Burdur<\/option><option value=\"Bursa\">Bursa<\/option><option value=\"\u00c7anakkale\">\u00c7anakkale<\/option><option value=\"\u00c7ank\u0131r\u0131\">\u00c7ank\u0131r\u0131<\/option><option value=\"\u00c7orum\">\u00c7orum<\/option><option value=\"Denizli\">Denizli<\/option><option value=\"Diyarbak\u0131r\">Diyarbak\u0131r<\/option><option value=\"Edirne\">Edirne<\/option><option value=\"Elaz\u0131\u011f\">Elaz\u0131\u011f<\/option><option value=\"Erzincan\">Erzincan<\/option><option value=\"Erzurum\">Erzurum<\/option><option value=\"Eski\u015fehir\">Eski\u015fehir<\/option><option value=\"Gaziantep\">Gaziantep<\/option><option value=\"Giresun\">Giresun<\/option><option value=\"G\u00fcm\u00fc\u015fhane\">G\u00fcm\u00fc\u015fhane<\/option><option value=\"Hakk\u00e2ri\">Hakk\u00e2ri<\/option><option value=\"Hatay\">Hatay<\/option><option value=\"Isparta\">Isparta<\/option><option value=\"Mersin\">Mersin<\/option><option value=\"\u0130stanbul\">\u0130stanbul<\/option><option value=\"\u0130zmir\">\u0130zmir<\/option><option value=\"Kars\">Kars<\/option><option value=\"Kastamonu\">Kastamonu<\/option><option value=\"Kayseri\">Kayseri<\/option><option value=\"K\u0131rklareli\">K\u0131rklareli<\/option><option value=\"K\u0131r\u015fehir\">K\u0131r\u015fehir<\/option><option value=\"Kocaeli\">Kocaeli<\/option><option value=\"Konya\">Konya<\/option><option value=\"K\u00fctahya\">K\u00fctahya<\/option><option value=\"Malatya\">Malatya<\/option><option value=\"Manisa\">Manisa<\/option><option value=\"Kahramanmara\u015f\">Kahramanmara\u015f<\/option><option value=\"Mardin\">Mardin<\/option><option value=\"Mu\u011fla\">Mu\u011fla<\/option><option value=\"Mu\u015f\">Mu\u015f<\/option><option value=\"Nev\u015fehir\">Nev\u015fehir<\/option><option value=\"Ni\u011fde\">Ni\u011fde<\/option><option value=\"Ordu\">Ordu<\/option><option value=\"Rize\">Rize<\/option><option value=\"Sakarya\">Sakarya<\/option><option value=\"Samsun\">Samsun<\/option><option value=\"Siirt\">Siirt<\/option><option value=\"Sinop\">Sinop<\/option><option value=\"Sivas\">Sivas<\/option><option value=\"Tekirda\u011f\">Tekirda\u011f<\/option><option value=\"Tokat\">Tokat<\/option><option value=\"Trabzon\">Trabzon<\/option><option value=\"Tunceli\">Tunceli<\/option><option value=\"\u015eanl\u0131urfa\">\u015eanl\u0131urfa<\/option><option value=\"U\u015fak\">U\u015fak<\/option><option value=\"Van\">Van<\/option><option value=\"Yozgat\">Yozgat<\/option><option value=\"Zonguldak\">Zonguldak<\/option><option value=\"Aksaray\">Aksaray<\/option><option value=\"Bayburt\">Bayburt<\/option><option value=\"Karaman\">Karaman<\/option><option value=\"K\u0131r\u0131kkale\">K\u0131r\u0131kkale<\/option><option value=\"Batman\">Batman<\/option><option value=\"\u015e\u0131rnak\">\u015e\u0131rnak<\/option><option value=\"Bart\u0131n\">Bart\u0131n<\/option><option value=\"Ardahan\">Ardahan<\/option><option value=\"I\u011fd\u0131r\">I\u011fd\u0131r<\/option><option value=\"Yalova\">Yalova<\/option><option value=\"Karab\u00fck\">Karab\u00fck<\/option><option value=\"Kilis\">Kilis<\/option><option value=\"Osmaniye\">Osmaniye<\/option><option value=\"D\u00fczce\">D\u00fczce<\/option><\/select><\/span><br \/>\n<label> \u0627\u0644\u0645\u0647\u0646\u0629 : <\/label>\n<\/p>\n<p><span class=\"wpcf7-form-control-wrap\" data-name=\"menu-105\"><select class=\"wpcf7-form-control wpcf7-select wpcf7-validates-as-required form-control\" aria-required=\"true\" aria-invalid=\"false\" name=\"menu-105\"><option value=\"\u0633\u064a\u0627\u062d\u0629 \u0648 \u0633\u0641\u0631\">\u0633\u064a\u0627\u062d\u0629 \u0648 \u0633\u0641\u0631<\/option><option value=\"\u062a\u0631\u062c\u0645\u0629 \u0648 \u0644\u063a\u0627\u062a\">\u062a\u0631\u062c\u0645\u0629 \u0648 \u0644\u063a\u0627\u062a<\/option><option value=\"\u0647\u0646\u062f\u0633\u0629\">\u0647\u0646\u062f\u0633\u0629<\/option><option value=\"\u0645\u0646\u0638\u0645\u0627\u062a \u0648 \u0645\u0624\u0633\u0633\u0627\u062a\">\u0645\u0646\u0638\u0645\u0627\u062a \u0648 \u0645\u0624\u0633\u0633\u0627\u062a<\/option><option value=\"\u0645\u062d\u0627\u0633\u0628\u0629\">\u0645\u062d\u0627\u0633\u0628\u0629<\/option><option value=\"\u0627\u0633\u062a\u064a\u0631\u0627\u062f \u0648 \u062a\u0635\u062f\u064a\u0631\">\u0627\u0633\u062a\u064a\u0631\u0627\u062f \u0648 \u062a\u0635\u062f\u064a\u0631<\/option><option value=\"\u062e\u064a\u0627\u0637\">\u062e\u064a\u0627\u0637<\/option><option value=\"\u0627\u062f\u0627\u0631\u064a\">\u0627\u062f\u0627\u0631\u064a<\/option><option value=\"\u062d\u0631\u0641 \u0648 \u0645\u0647\u0646 \u064a\u062f\u0648\u064a\u0629\">\u062d\u0631\u0641 \u0648 \u0645\u0647\u0646 \u064a\u062f\u0648\u064a\u0629<\/option><option value=\"\u0634\u062d\u0646\">\u0634\u062d\u0646<\/option><option value=\"\u0628\u0631\u0645\u062c\u0629\">\u0628\u0631\u0645\u062c\u0629<\/option><option value=\"\u0643\u0648\u0627\u0641\u064a\u0631 \u0631\u062c\u0627\u0644\u064a\">\u0643\u0648\u0627\u0641\u064a\u0631 \u0631\u062c\u0627\u0644\u064a<\/option><option value=\"\u0643\u0648\u0627\u0641\u064a\u0631 \u0646\u0633\u0627\u0626\u064a\">\u0643\u0648\u0627\u0641\u064a\u0631 \u0646\u0633\u0627\u0626\u064a<\/option><option value=\"\u0639\u0627\u0645\u0644\">\u0639\u0627\u0645\u0644<\/option><option value=\"\u0637\u0628\u064a\u0628\">\u0637\u0628\u064a\u0628<\/option><option value=\"\u062a\u0645\u0631\u064a\u0636\">\u062a\u0645\u0631\u064a\u0636<\/option><option value=\"\u0635\u064a\u062f\u0644\u0629\">\u0635\u064a\u062f\u0644\u0629<\/option><option value=\"\u062a\u062f\u0631\u064a\u0633 \u0648 \u062a\u0639\u0644\u064a\u0645\">\u062a\u062f\u0631\u064a\u0633 \u0648 \u062a\u0639\u0644\u064a\u0645<\/option><option value=\"\u062a\u062c\u0627\u0631\u0629\">\u062a\u062c\u0627\u0631\u0629<\/option><option value=\"\u0637\u0628\u0627\u0639\u0629 \u0648 \u062a\u0635\u0645\u064a\u0645\">\u0637\u0628\u0627\u0639\u0629 \u0648 \u062a\u0635\u0645\u064a\u0645<\/option><option value=\"\u062a\u062e\u0644\u064a\u0635 \u062c\u0645\u0631\u0643\u064a\">\u062a\u062e\u0644\u064a\u0635 \u062c\u0645\u0631\u0643\u064a<\/option><option value=\"\u062a\u0633\u0648\u064a\u0642\">\u062a\u0633\u0648\u064a\u0642<\/option><option value=\"\u0623\u062e\u0631\u0649\">\u0623\u062e\u0631\u0649<\/option><\/select><\/span><br \/>\n<label>\u0631\u0642\u0645 \u0627\u0644\u0647\u0627\u062a\u0641 : <\/label>\n<\/p>\n<p><span class=\"wpcf7-form-control-wrap\" data-name=\"job-tel\"><input size=\"40\" maxlength=\"400\" class=\"wpcf7-form-control wpcf7-tel wpcf7-validates-as-required wpcf7-text wpcf7-validates-as-tel form-control\" aria-required=\"true\" aria-invalid=\"false\" placeholder=\"\u0631\u0642\u0645 \u0627\u0644\u0647\u0627\u062a\u0641\" value=\"\" type=\"tel\" name=\"job-tel\" \/><\/span><br \/>\n<label>\u0627\u0644\u0628\u0631\u064a\u062f \u0627\u0644\u0627\u0644\u0643\u062a\u0631\u0648\u0646\u064a : <\/label>\n<\/p>\n<p><span class=\"wpcf7-form-control-wrap\" data-name=\"job-email\"><input size=\"40\" maxlength=\"400\" class=\"wpcf7-form-control wpcf7-email wpcf7-validates-as-required wpcf7-text wpcf7-validates-as-email form-control\" aria-required=\"true\" aria-invalid=\"false\" placeholder=\"\u0627\u0644\u0628\u0631\u064a\u062f \u0627\u0644\u0627\u0644\u0643\u062a\u0631\u0648\u0646\u064a\" value=\"\" type=\"email\" name=\"job-email\" \/><\/span><br \/>\n<label>\u0648\u0635\u0641 \u0627\u0644\u0639\u0645\u0644<\/label>\n<\/p>\n<p><span class=\"wpcf7-form-control-wrap\" data-name=\"job-text\"><textarea cols=\"40\" rows=\"10\" maxlength=\"2000\" class=\"wpcf7-form-control wpcf7-textarea wpcf7-validates-as-required form-control\" aria-required=\"true\" aria-invalid=\"false\" placeholder=\"\u0627\u0644\u0648\u0635\u0641\" name=\"job-text\"><\/textarea><\/span><br \/>\n<span class=\"wpcf7-form-control-wrap\" data-name=\"policy\"><span class=\"wpcf7-form-control wpcf7-acceptance\"><span class=\"wpcf7-list-item\"><label><input type=\"checkbox\" name=\"policy\" value=\"1\" aria-invalid=\"false\" \/><span class=\"wpcf7-list-item-label\">\u0627\u0648\u0627\u0641\u0642 \u0639\u0644\u0649<\/span><\/label><\/span><\/span><\/span><a href=\"https:\/\/www.on5tl.com\/ar\/privacy-policy\/\">\u0633\u064a\u0627\u0633\u0629 \u0627\u0644\u062e\u0635\u0648\u0635\u064a\u0629<\/a>\n<\/p>\n<p><input class=\"wpcf7-form-control wpcf7-submit has-spinner btn btn-info\" type=\"submit\" value=\"\u0623\u0636\u0641\" \/>\n<\/p><p style=\"display: none !important;\" class=\"akismet-fields-container\" data-prefix=\"_wpcf7_ak_\"><label>&#916;<textarea name=\"_wpcf7_ak_hp_textarea\" cols=\"45\" rows=\"8\" maxlength=\"100\"><\/textarea><\/label><input type=\"hidden\" id=\"ak_js_1\" name=\"_wpcf7_ak_js\" value=\"46\"\/><script>document.getElementById( \"ak_js_1\" ).setAttribute( \"value\", ( new Date() ).getTime() );<\/script><\/p><div class=\"wpcf7-response-output\" aria-hidden=\"true\"><\/div>\n<\/form>\n<\/div>\n\n<\/div>\n<div class=\"col-md-6\"><\/div>\n<\/div>\n","protected":false},"excerpt":{"rendered":"","protected":false},"author":1,"featured_media":0,"parent":0,"menu_order":0,"comment_status":"closed","ping_status":"closed","template":"pwwww-page.php","meta":{"footnotes":""},"class_list":["post-1400","page","type-page","status-publish","hentry"],"_links":{"self":[{"href":"https:\/\/www.on5tl.com\/ar\/wp-json\/wp\/v2\/pages\/1400","targetHints":{"allow":["GET"]}}],"collection":[{"href":"https:\/\/www.on5tl.com\/ar\/wp-json\/wp\/v2\/pages"}],"about":[{"href":"https:\/\/www.on5tl.com\/ar\/wp-json\/wp\/v2\/types\/page"}],"author":[{"embeddable":true,"href":"https:\/\/www.on5tl.com\/ar\/wp-json\/wp\/v2\/users\/1"}],"replies":[{"embeddable":true,"href":"https:\/\/www.on5tl.com\/ar\/wp-json\/wp\/v2\/comments?post=1400"}],"version-history":[{"count":5,"href":"https:\/\/www.on5tl.com\/ar\/wp-json\/wp\/v2\/pages\/1400\/revisions"}],"predecessor-version":[{"id":4738,"href":"https:\/\/www.on5tl.com\/ar\/wp-json\/wp\/v2\/pages\/1400\/revisions\/4738"}],"wp:attachment":[{"href":"https:\/\/www.on5tl.com\/ar\/wp-json\/wp\/v2\/media?parent=1400"}],"curies":[{"name":"wp","href":"https:\/\/api.w.org\/{rel}","templated":true}]}}